{"id":2021,"date":"2018-05-30T15:55:41","date_gmt":"2018-05-30T15:55:41","guid":{"rendered":"https:\/\/vprspanishtranslations.com\/privacy-policy\/"},"modified":"2023-01-12T14:59:59","modified_gmt":"2023-01-12T14:59:59","slug":"privacy-policy","status":"publish","type":"page","link":"https:\/\/vprspanishtranslations.com\/es\/privacy-policy\/","title":{"rendered":"AVISO DE PRIVACIDAD"},"content":{"rendered":"\n<div style=\"height:40px\" aria-hidden=\"true\" class=\"wp-block-spacer\"><\/div>\n\n\n\n<p><strong><u>Qui\u00e9n soy<\/u><\/strong><\/p>\n\n\n\n<p>Me llamo <strong>Virginia P\u00e9rez Rom\u00e1n<\/strong>. Soy <strong>traductora jurada de ingl\u00e9s<\/strong> y opero como Virginia P\u00e9rez Rom\u00e1n o con la denominaci\u00f3n comercial <strong>VPR Spanish Translations<\/strong>. Mi sitio web es vprspanishtranslations.com.<\/p>\n\n\n\n<div style=\"height:20px\" aria-hidden=\"true\" class=\"wp-block-spacer\"><\/div>\n\n\n\n<p><strong><u>Definici\u00f3n de datos de car\u00e1cter personal<\/u><\/strong><\/p>\n\n\n\n<p>El Reglamento General de Protecci\u00f3n de Datos de la UE (RGPD) define \u00abdatos de car\u00e1cter personal\u00bb como \u00abtoda informaci\u00f3n sobre una persona f\u00edsica identificada o identificable (\u00abel interesado\u00bb); se considerar\u00e1 persona f\u00edsica identificable toda persona cuya identidad pueda determinarse, directa o indirectamente, en particular mediante un identificador, como por ejemplo un nombre, un n\u00famero de identificaci\u00f3n, datos de localizaci\u00f3n, un identificador en l\u00ednea o uno o varios elementos propios de la identidad f\u00edsica, fisiol\u00f3gica, gen\u00e9tica, ps\u00edquica, econ\u00f3mica, cultural o social de dicha persona\u00bb.<\/p>\n\n\n\n<div style=\"height:20px\" aria-hidden=\"true\" class=\"wp-block-spacer\"><\/div>\n\n\n\n<p><strong><u>C\u00f3mo uso sus datos<\/u><\/strong><\/p>\n\n\n\n<p>Este aviso de privacidad explica c\u00f3mo yo, Virginia P\u00e9rez Rom\u00e1n, recopilar\u00e9 sus datos personales para el proceso de traducci\u00f3n jurada y para contactarle con respecto a los servicios de traducci\u00f3n jurada.<\/p>\n\n\n\n<div style=\"height:20px\" aria-hidden=\"true\" class=\"wp-block-spacer\"><\/div>\n\n\n\n<p><strong><u>\u00bfPor qu\u00e9 necesito recopilar y conservar sus datos personales?<\/u><\/strong><\/p>\n\n\n\n<p>Para poder prestarle servicios de traducci\u00f3n, necesito recopilar datos de car\u00e1cter personal al objeto de comunicarme con usted y poder facturarle. En cualquier caso, me comprometo a velar por que la informaci\u00f3n que recopilo y uso es apta para este fin y no constituye una intromisi\u00f3n en su privacidad.<\/p>\n\n\n\n<p>Si deseara enviarle correspondencia con fines publicitarios, me pondr\u00eda en contacto con usted para solicitarle su consentimiento previo al respecto.<\/p>\n\n\n\n<div style=\"height:20px\" aria-hidden=\"true\" class=\"wp-block-spacer\"><\/div>\n\n\n\n<p><strong><u>\u00bfCompartir\u00e9 sus datos personales con terceros?<\/u><\/strong><\/p>\n\n\n\n<p>No comparto datos personales de mis clientes con terceros.&nbsp;<\/p>\n\n\n\n<div style=\"height:20px\" aria-hidden=\"true\" class=\"wp-block-spacer\"><\/div>\n\n\n\n<p><strong><u>\u00bfC\u00f3mo uso los datos personales que recopilo sobre usted? <\/u><\/strong><\/p>\n\n\n\n<p>Yo, Virginia P\u00e9rez Rom\u00e1n, tratar\u00e9 (a saber, recopilar\u00e9, conservar\u00e9 y usar\u00e9) la informaci\u00f3n que me facilite en consonancia con lo dispuesto en el Reglamento General de Protecci\u00f3n de Datos (RGPD). Procurar\u00e9 mantener sus datos precisos y actualizados, y no los conservar\u00e9 durante m\u00e1s tiempo del necesario. Tengo la obligaci\u00f3n legal de conservar determinada informaci\u00f3n, por ejemplo, datos necesarios a efectos de auditor\u00eda y liquidaci\u00f3n del impuesto sobre la renta de las personas f\u00edsicas. El per\u00edodo durante el cual deber\u00e9 conservar determinados datos de car\u00e1cter personal podr\u00eda depender tambi\u00e9n de determinados requisitos espec\u00edficos del sector en el que opero y sus pr\u00e1cticas acordadas. Los datos de car\u00e1cter personal tambi\u00e9n se pueden conservar duante per\u00edodos adicionales dependiendo de necesidades comerciales espec\u00edficas.<\/p>\n\n\n\n<div style=\"height:20px\" aria-hidden=\"true\" class=\"wp-block-spacer\"><\/div>\n\n\n\n<p><u><strong>\u00bfEn qu\u00e9 casos me pondr\u00e9 en contacto con usted?&nbsp;<\/strong><\/u><\/p>\n\n\n\n<p>Mi objetivo no es invadir su privacidad y me comprometo a no hacerle preguntas innecesarias o no relacionadas con el objeto de nuestra relaci\u00f3n comercial. Asimismo, la informaci\u00f3n que facilite estar\u00e1 sujeta a rigurosos procedimientos y medidas para minimizar el riesgo de accesos o divulgaciones no autorizados.&nbsp;<\/p>\n\n\n\n<div style=\"height:20px\" aria-hidden=\"true\" class=\"wp-block-spacer\"><\/div>\n\n\n\n<p><u><strong>\u00bfPuede averiguar qu\u00e9 datos personales conservo sobre usted?<\/strong><\/u><\/p>\n\n\n\n<p>Yo, Virginia P\u00e9rez Rom\u00e1n, podr\u00e9 confirmarle qu\u00e9 informaci\u00f3n conservo sobre usted y el tratamiento que doy a dicha informaci\u00f3n si lo solicita. Si conservo datos personales sobre usted, puede solicitar la siguiente informaci\u00f3n:<\/p>\n\n\n\n<ul class=\"wp-block-list\">\n<li>Datos identificativos y de contacto de la persona o entidad que ha determinado c\u00f3mo y por qu\u00e9 debo tratar sus datos personales. En algunos casos, dicha persona o entidad ser\u00e1 un representante establecido en la UE.&nbsp;<\/li>\n\n\n\n<li>Datos de contacto del responsable de protecci\u00f3n de datos, en su caso.&nbsp;<\/li>\n\n\n\n<li>La finalidad del tratamiento, as\u00ed como la base jur\u00eddica para este.&nbsp;<\/li>\n\n\n\n<li>Si el tratamiento se basa en mis intereses leg\u00edtimos o los de un tercero, informaci\u00f3n sobre dichos intereses.&nbsp;<\/li>\n\n\n\n<li>Las categor\u00edas de datos personales recopilados, conservados y tratados.&nbsp;<\/li>\n\n\n\n<li>Los destinatarios o categor\u00edas de destinatarios a los que se divulgan o divulgar\u00e1n los datos.<\/li>\n\n\n\n<li>Si tuviera la intenci\u00f3n de transferir los datos personales a un tercer pa\u00eds o un organismo internacional, informaci\u00f3n sobre c\u00f3mo me asegurar\u00e9 de hacerlo de manera segura. La UE ha autorizado el env\u00edo de datos personales a algunos pa\u00edses porque cumplen un criterio m\u00ednimo de protecci\u00f3n de datos. En los dem\u00e1s casos, me asegurar\u00e9 de adoptar medidas espec\u00edficas para proteger su informaci\u00f3n.&nbsp;<\/li>\n\n\n\n<li>El per\u00edodo de conservaci\u00f3n de los datos.<\/li>\n\n\n\n<li>Detalles de sus derechos de rectificaci\u00f3n, supresi\u00f3n, limitaci\u00f3n del tratamiento u oposici\u00f3n a este.&nbsp;<\/li>\n\n\n\n<li>Informaci\u00f3n sobre su derecho a retirar su consentimiento en cualquier momento.<\/li>\n\n\n\n<li>C\u00f3mo presentar una reclamaci\u00f3n ante la autoridad de control.<\/li>\n\n\n\n<li>Si facilitar datos personales constituye una obligaci\u00f3n legal o contractual, o un requisito necesario para celebrar un contrato, y si est\u00e1 obligado a facilitar los datos personales y las posibles consecuencias de no facilitarlos.&nbsp;<\/li>\n\n\n\n<li>El origen de los datos personales, si estos no se obtuvieron directamente de usted.&nbsp;<\/li>\n\n\n\n<li>Datos e informaci\u00f3n acerca de tomas de decisiones automatizadas, como la elaboraci\u00f3n de perfiles, y cualquier informaci\u00f3n importante sobre la l\u00f3gica utilizada, as\u00ed como la importancia y las consecuencias previstas de dicho tratamiento.&nbsp;<\/li>\n<\/ul>\n\n\n\n<div style=\"height:20px\" aria-hidden=\"true\" class=\"wp-block-spacer\"><\/div>\n\n\n\n<p><u><strong>\u00bfQu\u00e9 tipos de documentos identificativos necesitar\u00e1 facilitarme para poder acceder a sus datos personales?<\/strong><\/u><\/p>\n\n\n\n<p>Si me solicita informaci\u00f3n sobre sus datos personales, aceptar\u00e9 los siguientes documentos identificativos: documento nacional de identidad, pasaporte, carn\u00e9 de conducir, partida de nacimiento o factura de gas, electricidad o tel\u00e9fono (recibida en los \u00faltimos 3 meses).<\/p>\n\n\n\n<div style=\"height:50px\" aria-hidden=\"true\" class=\"wp-block-spacer\"><\/div>\n","protected":false},"excerpt":{"rendered":"<p>Qui\u00e9n soy Me llamo Virginia P\u00e9rez Rom\u00e1n. Soy traductora jurada de ingl\u00e9s y opero como Virginia P\u00e9rez Rom\u00e1n o con la denominaci\u00f3n comercial VPR Spanish Translations. Mi sitio web es vprspanishtranslations.com. Definici\u00f3n de datos de car\u00e1cter personal El Reglamento General de Protecci\u00f3n de Datos de la UE (RGPD) define \u00abdatos de car\u00e1cter personal\u00bb como \u00abtoda&hellip;<\/p>\n","protected":false},"author":1,"featured_media":0,"parent":0,"menu_order":0,"comment_status":"closed","ping_status":"closed","template":"","meta":{"_uag_custom_page_level_css":"","_lmt_disableupdate":"","_lmt_disable":"","site-sidebar-layout":"default","site-content-layout":"","ast-site-content-layout":"default","site-content-style":"default","site-sidebar-style":"default","ast-global-header-display":"","ast-banner-title-visibility":"","ast-main-header-display":"","ast-hfb-above-header-display":"","ast-hfb-below-header-display":"","ast-hfb-mobile-header-display":"","site-post-title":"","ast-breadcrumbs-content":"","ast-featured-img":"","footer-sml-layout":"","ast-disable-related-posts":"","theme-transparent-header-meta":"","adv-header-id-meta":"","stick-header-meta":"","header-above-stick-meta":"","header-main-stick-meta":"","header-below-stick-meta":"","astra-migrate-meta-layouts":"default","ast-page-background-enabled":"default","ast-page-background-meta":{"desktop":{"background-color":"var(--ast-global-color-4)","background-image":"","background-repeat":"repeat","background-position":"center center","background-size":"auto","background-attachment":"scroll","background-type":"","background-media":"","overlay-type":"","overlay-color":"","overlay-opacity":"","overlay-gradient":""},"tablet":{"background-color":"","background-image":"","background-repeat":"repeat","background-position":"center center","background-size":"auto","background-attachment":"scroll","background-type":"","background-media":"","overlay-type":"","overlay-color":"","overlay-opacity":"","overlay-gradient":""},"mobile":{"background-color":"","background-image":"","background-repeat":"repeat","background-position":"center center","background-size":"auto","background-attachment":"scroll","background-type":"","background-media":"","overlay-type":"","overlay-color":"","overlay-opacity":"","overlay-gradient":""}},"ast-content-background-meta":{"desktop":{"background-color":"var(--ast-global-color-5)","background-image":"","background-repeat":"repeat","background-position":"center center","background-size":"auto","background-attachment":"scroll","background-type":"","background-media":"","overlay-type":"","overlay-color":"","overlay-opacity":"","overlay-gradient":""},"tablet":{"background-color":"var(--ast-global-color-5)","background-image":"","background-repeat":"repeat","background-position":"center center","background-size":"auto","background-attachment":"scroll","background-type":"","background-media":"","overlay-type":"","overlay-color":"","overlay-opacity":"","overlay-gradient":""},"mobile":{"background-color":"var(--ast-global-color-5)","background-image":"","background-repeat":"repeat","background-position":"center center","background-size":"auto","background-attachment":"scroll","background-type":"","background-media":"","overlay-type":"","overlay-color":"","overlay-opacity":"","overlay-gradient":""}},"footnotes":""},"class_list":["post-2021","page","type-page","status-publish","hentry"],"uagb_featured_image_src":{"full":false,"thumbnail":false,"medium":false,"medium_large":false,"large":false,"1536x1536":false,"2048x2048":false,"sow-carousel-default":false},"uagb_author_info":{"display_name":"Virginia P\u00e9rez Rom\u00e1n BA GDL MCIL CL","author_link":"https:\/\/vprspanishtranslations.com\/es\/author\/wp_abg3bp\/"},"uagb_comment_info":0,"uagb_excerpt":"Qui\u00e9n soy Me llamo Virginia P\u00e9rez Rom\u00e1n. Soy traductora jurada de ingl\u00e9s y opero como Virginia P\u00e9rez Rom\u00e1n o con la denominaci\u00f3n comercial VPR Spanish Translations. Mi sitio web es vprspanishtranslations.com. Definici\u00f3n de datos de car\u00e1cter personal El Reglamento General de Protecci\u00f3n de Datos de la UE (RGPD) define \u00abdatos de car\u00e1cter personal\u00bb como \u00abtoda&hellip;","_links":{"self":[{"href":"https:\/\/vprspanishtranslations.com\/es\/wp-json\/wp\/v2\/pages\/2021","targetHints":{"allow":["GET"]}}],"collection":[{"href":"https:\/\/vprspanishtranslations.com\/es\/wp-json\/wp\/v2\/pages"}],"about":[{"href":"https:\/\/vprspanishtranslations.com\/es\/wp-json\/wp\/v2\/types\/page"}],"author":[{"embeddable":true,"href":"https:\/\/vprspanishtranslations.com\/es\/wp-json\/wp\/v2\/users\/1"}],"replies":[{"embeddable":true,"href":"https:\/\/vprspanishtranslations.com\/es\/wp-json\/wp\/v2\/comments?post=2021"}],"version-history":[{"count":14,"href":"https:\/\/vprspanishtranslations.com\/es\/wp-json\/wp\/v2\/pages\/2021\/revisions"}],"predecessor-version":[{"id":9500,"href":"https:\/\/vprspanishtranslations.com\/es\/wp-json\/wp\/v2\/pages\/2021\/revisions\/9500"}],"wp:attachment":[{"href":"https:\/\/vprspanishtranslations.com\/es\/wp-json\/wp\/v2\/media?parent=2021"}],"curies":[{"name":"wp","href":"https:\/\/api.w.org\/{rel}","templated":true}]}}