{"id":3469,"date":"2020-05-23T12:43:03","date_gmt":"2020-05-23T12:43:03","guid":{"rendered":"https:\/\/vprspanishtranslations.com\/servicios-copy-copy-copy\/"},"modified":"2023-01-10T15:04:44","modified_gmt":"2023-01-10T15:04:44","slug":"clases-de-ingles-juridico","status":"publish","type":"page","link":"https:\/\/vprspanishtranslations.com\/es\/clases-de-ingles-juridico\/","title":{"rendered":"Ingl\u00e9s jur\u00eddico"},"content":{"rendered":"<div id=\"pl-3469\"  class=\"panel-layout\" ><div id=\"pg-3469-0\"  class=\"panel-grid panel-has-style\" ><div class=\"siteorigin-panels-stretch panel-row-style panel-row-style-for-3469-0\" data-stretch-type=\"full\" ><div id=\"pgc-3469-0-0\"  class=\"panel-grid-cell\" ><div id=\"panel-3469-0-0-0\" class=\"so-panel widget widget_black-studio-tinymce widget_black_studio_tinymce panel-first-child panel-last-child\" data-index=\"0\" ><div class=\"panel-widget-style panel-widget-style-for-3469-0-0-0\" ><div class=\"textwidget\"><img fetchpriority=\"high\" decoding=\"async\" src=\"https:\/\/vprspanishtranslations.com\/wp-content\/uploads\/2020\/05\/architecture-20540_1920-1-200x300.jpg\" alt=\"\" width=\"200\" height=\"300\" class=\"aligncenter size-medium wp-image-3480\" srcset=\"https:\/\/vprspanishtranslations.com\/wp-content\/uploads\/2020\/05\/architecture-20540_1920-1-200x300.jpg 200w, https:\/\/vprspanishtranslations.com\/wp-content\/uploads\/2020\/05\/architecture-20540_1920-1-683x1024.jpg 683w, https:\/\/vprspanishtranslations.com\/wp-content\/uploads\/2020\/05\/architecture-20540_1920-1-768x1152.jpg 768w, https:\/\/vprspanishtranslations.com\/wp-content\/uploads\/2020\/05\/architecture-20540_1920-1-1024x1536.jpg 1024w, https:\/\/vprspanishtranslations.com\/wp-content\/uploads\/2020\/05\/architecture-20540_1920-1.jpg 1280w\" sizes=\"(max-width: 200px) 100vw, 200px\" \/><\/div><\/div><\/div><\/div><div id=\"pgc-3469-0-1\"  class=\"panel-grid-cell\" ><div id=\"panel-3469-0-1-0\" class=\"so-panel widget widget_black-studio-tinymce widget_black_studio_tinymce panel-first-child panel-last-child\" data-index=\"1\" ><div class=\"panel-widget-style panel-widget-style-for-3469-0-1-0\" ><div class=\"textwidget\"><h3 class=\"wt-heading wt-heading-style-2 wt-heading-align-left\" style=\"margin-top:0px; margin-bottom:0px; font-size: 30px; text-transform: uppercase; color: #222; letter-spacing: 0px; \"><span class=\"wt-heading-inner\" style=\"margin-top:0px; margin-bottom:0px; font-size: 30px; text-transform: uppercase; color: #222; letter-spacing: 0px; \">Clases de ingl\u00e9s jur\u00eddico<\/span><\/h3><div class=\"wt-spacer\" style=\"height:20px\"><\/div>\n\n\u00bfTienes nivel B2 de ingl\u00e9s? \u00bfQuieres mejorar tu ingl\u00e9s jur\u00eddico porque trabajas a nivel internacional? \u00bfEres traductor jur\u00eddico y trabajas con el ingl\u00e9s como lengua de partida? <div class=\"wt-spacer\" style=\"height:20px\"><\/div>\n\nOfrezco clases de ingl\u00e9s jur\u00eddico. Poseo amplia experiencia en la traducci\u00f3n jur\u00eddica y he realizado pr\u00e1cticas en el <strong>Instituto Cervantes de Londres<\/strong>, donde obtuve un\u00a0<strong>Graduate Certificate in Spanish Language Teaching to Adults (GCSLTA)<\/strong> acreditado por la Universidad de Roehampton. <div class=\"wt-spacer\" style=\"height:20px\"><\/div>\n\nEcha tambi\u00e9n un vistazo a mi <a href=\"https:\/\/vprspanishtranslations.com\/es\/blog-de-traduccion-juridica-y-jurada-de-ingles\/\" rel=\"noopener\" target=\"_blank\">blog<\/a> biling\u00fce, donde hablo de traducci\u00f3n jurada, traducci\u00f3n jur\u00eddica y el espa\u00f1ol e ingl\u00e9s jur\u00eddicos.\n\n<div class=\"wt-spacer\" style=\"height:20px\"><\/div>\n<a href=\"https:\/\/vprspanishtranslations.com\/es\/contacto\/\" data-hoverback=\"#719FC1\" data-currentbg=\"rgba(113,159,193, 1)\" data-currentbor=\"#719FC1\" data-currentcolor=\"#ffffff\" data-hovercolor=\"#fff\" class=\"wt-button wt-button-style-flat\" style=\"color:#ffffff;background:rgba(113,159,193, 1);border-color:#719FC1;border-radius:5px;-moz-border-radius:5px;-webkit-border-radius:5px\" target=\"_self\"><span style=\"padding:6px 18px;font-size:14px;line-height:24px;border-color:#719FC1;border-radius:5px;-moz-border-radius:5px;-webkit-border-radius:5px;text-shadow:none;-moz-text-shadow:none;-webkit-text-shadow:none\">Contactar <i class=\"fa fa-angle-double-right\" style=\"font-size:14px;color:#fff\"><\/i><\/span><\/a><\/div><\/div><\/div><\/div><\/div><\/div><\/div>","protected":false},"excerpt":{"rendered":"<p>\u00bfTienes nivel B2 de ingl\u00e9s? \u00bfQuieres mejorar tu ingl\u00e9s jur\u00eddico porque trabajas a nivel internacional? \u00bfEres traductor jur\u00eddico y trabajas con el ingl\u00e9s como lengua de partida? Ofrezco clases de ingl\u00e9s jur\u00eddico. Poseo amplia experiencia en la traducci\u00f3n jur\u00eddica y he realizado pr\u00e1cticas en el Instituto Cervantes de Londres, donde obtuve un\u00a0Graduate Certificate in Spanish&hellip;<\/p>\n","protected":false},"author":1,"featured_media":0,"parent":0,"menu_order":0,"comment_status":"closed","ping_status":"closed","template":"","meta":{"_uag_custom_page_level_css":"","_lmt_disableupdate":"","_lmt_disable":"","site-sidebar-layout":"default","site-content-layout":"","ast-site-content-layout":"default","site-content-style":"default","site-sidebar-style":"default","ast-global-header-display":"","ast-banner-title-visibility":"","ast-main-header-display":"","ast-hfb-above-header-display":"","ast-hfb-below-header-display":"","ast-hfb-mobile-header-display":"","site-post-title":"","ast-breadcrumbs-content":"","ast-featured-img":"","footer-sml-layout":"","ast-disable-related-posts":"","theme-transparent-header-meta":"","adv-header-id-meta":"","stick-header-meta":"","header-above-stick-meta":"","header-main-stick-meta":"","header-below-stick-meta":"","astra-migrate-meta-layouts":"default","ast-page-background-enabled":"default","ast-page-background-meta":{"desktop":{"background-color":"var(--ast-global-color-4)","background-image":"","background-repeat":"repeat","background-position":"center center","background-size":"auto","background-attachment":"scroll","background-type":"","background-media":"","overlay-type":"","overlay-color":"","overlay-opacity":"","overlay-gradient":""},"tablet":{"background-color":"","background-image":"","background-repeat":"repeat","background-position":"center center","background-size":"auto","background-attachment":"scroll","background-type":"","background-media":"","overlay-type":"","overlay-color":"","overlay-opacity":"","overlay-gradient":""},"mobile":{"background-color":"","background-image":"","background-repeat":"repeat","background-position":"center center","background-size":"auto","background-attachment":"scroll","background-type":"","background-media":"","overlay-type":"","overlay-color":"","overlay-opacity":"","overlay-gradient":""}},"ast-content-background-meta":{"desktop":{"background-color":"var(--ast-global-color-5)","background-image":"","background-repeat":"repeat","background-position":"center center","background-size":"auto","background-attachment":"scroll","background-type":"","background-media":"","overlay-type":"","overlay-color":"","overlay-opacity":"","overlay-gradient":""},"tablet":{"background-color":"var(--ast-global-color-5)","background-image":"","background-repeat":"repeat","background-position":"center center","background-size":"auto","background-attachment":"scroll","background-type":"","background-media":"","overlay-type":"","overlay-color":"","overlay-opacity":"","overlay-gradient":""},"mobile":{"background-color":"var(--ast-global-color-5)","background-image":"","background-repeat":"repeat","background-position":"center center","background-size":"auto","background-attachment":"scroll","background-type":"","background-media":"","overlay-type":"","overlay-color":"","overlay-opacity":"","overlay-gradient":""}},"footnotes":""},"class_list":["post-3469","page","type-page","status-publish","hentry"],"uagb_featured_image_src":{"full":false,"thumbnail":false,"medium":false,"medium_large":false,"large":false,"1536x1536":false,"2048x2048":false,"sow-carousel-default":false},"uagb_author_info":{"display_name":"Virginia P\u00e9rez Rom\u00e1n BA GDL MCIL CL","author_link":"https:\/\/vprspanishtranslations.com\/es\/author\/wp_abg3bp\/"},"uagb_comment_info":0,"uagb_excerpt":"\u00bfTienes nivel B2 de ingl\u00e9s? \u00bfQuieres mejorar tu ingl\u00e9s jur\u00eddico porque trabajas a nivel internacional? \u00bfEres traductor jur\u00eddico y trabajas con el ingl\u00e9s como lengua de partida? Ofrezco clases de ingl\u00e9s jur\u00eddico. Poseo amplia experiencia en la traducci\u00f3n jur\u00eddica y he realizado pr\u00e1cticas en el Instituto Cervantes de Londres, donde obtuve un\u00a0Graduate Certificate in Spanish&hellip;","_links":{"self":[{"href":"https:\/\/vprspanishtranslations.com\/es\/wp-json\/wp\/v2\/pages\/3469","targetHints":{"allow":["GET"]}}],"collection":[{"href":"https:\/\/vprspanishtranslations.com\/es\/wp-json\/wp\/v2\/pages"}],"about":[{"href":"https:\/\/vprspanishtranslations.com\/es\/wp-json\/wp\/v2\/types\/page"}],"author":[{"embeddable":true,"href":"https:\/\/vprspanishtranslations.com\/es\/wp-json\/wp\/v2\/users\/1"}],"replies":[{"embeddable":true,"href":"https:\/\/vprspanishtranslations.com\/es\/wp-json\/wp\/v2\/comments?post=3469"}],"version-history":[{"count":4,"href":"https:\/\/vprspanishtranslations.com\/es\/wp-json\/wp\/v2\/pages\/3469\/revisions"}],"predecessor-version":[{"id":9380,"href":"https:\/\/vprspanishtranslations.com\/es\/wp-json\/wp\/v2\/pages\/3469\/revisions\/9380"}],"wp:attachment":[{"href":"https:\/\/vprspanishtranslations.com\/es\/wp-json\/wp\/v2\/media?parent=3469"}],"curies":[{"name":"wp","href":"https:\/\/api.w.org\/{rel}","templated":true}]}}