{"id":458,"date":"2017-01-17T12:11:44","date_gmt":"2017-01-17T12:11:44","guid":{"rendered":"http:\/\/vprspanishtranslations.co.uk\/services\/"},"modified":"2021-01-19T09:23:55","modified_gmt":"2021-01-19T09:23:55","slug":"servicios","status":"publish","type":"page","link":"https:\/\/vprspanishtranslations.com\/es\/servicios\/","title":{"rendered":"Servicios"},"content":{"rendered":"<div id=\"pl-458\"  class=\"panel-layout\" ><div id=\"pg-458-0\"  class=\"panel-grid panel-has-style\" ><div class=\"siteorigin-panels-stretch panel-row-style panel-row-style-for-458-0\" data-stretch-type=\"full\" ><div id=\"pgc-458-0-0\"  class=\"panel-grid-cell\" ><div id=\"panel-458-0-0-0\" class=\"so-panel widget widget_black-studio-tinymce widget_black_studio_tinymce panel-first-child panel-last-child\" data-index=\"0\" ><div class=\"panel-widget-style panel-widget-style-for-458-0-0-0\" ><div class=\"textwidget\"><img fetchpriority=\"high\" decoding=\"async\" src=\"https:\/\/vprspanishtranslations.com\/wp-content\/uploads\/2020\/05\/stamp-814699_1920-300x188.png\" alt=\"\" width=\"300\" height=\"188\" class=\"aligncenter size-medium wp-image-2912\" srcset=\"https:\/\/vprspanishtranslations.com\/wp-content\/uploads\/2020\/05\/stamp-814699_1920-300x188.png 300w, https:\/\/vprspanishtranslations.com\/wp-content\/uploads\/2020\/05\/stamp-814699_1920-1024x641.png 1024w, https:\/\/vprspanishtranslations.com\/wp-content\/uploads\/2020\/05\/stamp-814699_1920-768x481.png 768w, https:\/\/vprspanishtranslations.com\/wp-content\/uploads\/2020\/05\/stamp-814699_1920-1536x962.png 1536w, https:\/\/vprspanishtranslations.com\/wp-content\/uploads\/2020\/05\/stamp-814699_1920.png 1920w\" sizes=\"(max-width: 300px) 100vw, 300px\" \/><\/div><\/div><\/div><\/div><div id=\"pgc-458-0-1\"  class=\"panel-grid-cell\" ><div id=\"panel-458-0-1-0\" class=\"so-panel widget widget_black-studio-tinymce widget_black_studio_tinymce panel-first-child panel-last-child\" data-index=\"1\" ><div class=\"panel-widget-style panel-widget-style-for-458-0-1-0\" ><div class=\"textwidget\"><h3 class=\"wt-heading wt-heading-style-2 wt-heading-align-left\" style=\"margin-top:0px; margin-bottom:0px; font-size: 30px; text-transform: uppercase; color: #222; letter-spacing: 0px; \"><span class=\"wt-heading-inner\" style=\"margin-top:0px; margin-bottom:0px; font-size: 30px; text-transform: uppercase; color: #222; letter-spacing: 0px; \">TRADUCCI\u00d3N JURADA Y JUR\u00cdDICA<\/span><\/h3><div class=\"wt-spacer\" style=\"height:20px\"><\/div><p>Soy traductora jurada de ingl\u00e9s (n.\u00ba 4057) nombrada por el Ministerio de Asuntos Exteriores y Cooperaci\u00f3n en 2003.  Ofrezco servicios de traducci\u00f3n jurada oficial de ingl\u00e9s a espa\u00f1ol y de espa\u00f1ol a ingl\u00e9s.<\/p>\n\n<div class=\"wt-spacer\" style=\"height:20px\"><\/div>\n<a href=\"https:\/\/vprspanishtranslations.com\/es\/contacto\/\" data-hoverback=\"#719FC1\" data-currentbg=\"rgba(113,159,193, 1)\" data-currentbor=\"#719FC1\" data-currentcolor=\"#ffffff\" data-hovercolor=\"#fff\" class=\"wt-button wt-button-style-flat\" style=\"color:#ffffff;background:rgba(113,159,193, 1);border-color:#719FC1;border-radius:5px;-moz-border-radius:5px;-webkit-border-radius:5px\" target=\"_self\"><span style=\"padding:6px 18px;font-size:14px;line-height:24px;border-color:#719FC1;border-radius:5px;-moz-border-radius:5px;-webkit-border-radius:5px;text-shadow:none;-moz-text-shadow:none;-webkit-text-shadow:none\">Solicite presupuesto aqu\u00ed <i class=\"fa fa-angle-double-right\" style=\"font-size:14px;color:#fff\"><\/i><\/span><\/a><\/div><\/div><\/div><\/div><\/div><\/div><div id=\"pg-458-1\"  class=\"panel-grid panel-has-style\" ><div class=\"siteorigin-panels-stretch panel-row-style panel-row-style-for-458-1\" data-stretch-type=\"full\" ><div id=\"pgc-458-1-0\"  class=\"panel-grid-cell\" ><div id=\"panel-458-1-0-0\" class=\"so-panel widget widget_black-studio-tinymce widget_black_studio_tinymce panel-first-child panel-last-child\" data-index=\"2\" ><div class=\"panel-widget-style panel-widget-style-for-458-1-0-0\" ><div class=\"textwidget\"><h4 class=\"wt-heading wt-heading-style-2 wt-heading-align-center\" style=\"margin-top:0px; margin-bottom:0px; font-size: 20px; text-transform: uppercase; color: #222; letter-spacing: 0px; \"><span class=\"wt-heading-inner\" style=\"margin-top:0px; margin-bottom:0px; font-size: 20px; text-transform: uppercase; color: #222; letter-spacing: 0px; \">EJEMPLOS DE DOCUMENTOS QUE REQUIEREN TRADUCCI\u00d3N JURADA:<\/span><\/h4><\/div><\/div><\/div><\/div><\/div><\/div><div id=\"pg-458-2\"  class=\"panel-grid panel-has-style\" ><div class=\"siteorigin-panels-stretch panel-row-style panel-row-style-for-458-2\" data-stretch-type=\"full\" ><div id=\"pgc-458-2-0\"  class=\"panel-grid-cell\" ><div id=\"panel-458-2-0-0\" class=\"so-panel widget widget_black-studio-tinymce widget_black_studio_tinymce panel-first-child panel-last-child\" data-index=\"3\" ><div class=\"panel-widget-style panel-widget-style-for-458-2-0-0\" ><div class=\"textwidget\"><div class=\"service-box text-left\" style=\"color:#000000;\">\r\r\n\t\t\t<!-- Icon Wraper -->\r\r\n\t\t\t<div class=\"icon-wraper\" style=\"width: 15%;\"><div class=\"icon-wrap text-left\"><i class=\"fa fa-graduation-cap\" style=\"font-size:32px;color:#719FC1\"><\/i><\/div><\/div><!-- Icon Wraper -->\r\r\n\t\t\t<!-- Content Wraper -->\r\r\n\t\t\t<div class=\"content-wrap\" style=\"width: 85%;\">\r\r\n\t\t\t\t<h5 class=\"heading\" style=\"color:#000000;\">ACAD\u00c9MICOS<\/h5>\r\r\n\t\t\t\t<p style=\"color:#000000;\"><div class=\"wt-list wt-list-style-\"><ul>\n<li><i class=\"fa fa-check\" style=\"color:#719FC1\"><\/i> T\u00edtulos\/diplomas<\/li>\n<li><i class=\"fa fa-check\" style=\"color:#719FC1\"><\/i> Certificados de notas<\/li>\n<li><i class=\"fa fa-check\" style=\"color:#719FC1\"><\/i> Cartas de recomendaci\u00f3n<\/li>\n<li><i class=\"fa fa-check\" style=\"color:#719FC1\"><\/i> Descripciones de asignaturas<\/li>\n<\/ul><\/div><\/p>\r\r\n\t\t\t<\/div><!-- Content Wraper -->\r\r\n\t\t<\/div><!-- Content Box --><\/div><\/div><\/div><\/div><div id=\"pgc-458-2-1\"  class=\"panel-grid-cell\" ><div id=\"panel-458-2-1-0\" class=\"so-panel widget widget_black-studio-tinymce widget_black_studio_tinymce panel-first-child panel-last-child\" data-index=\"4\" ><div class=\"panel-widget-style panel-widget-style-for-458-2-1-0\" ><div class=\"textwidget\"><div class=\"service-box text-left\" style=\"color:#000000;\">\r\r\n\t\t\t<!-- Icon Wraper -->\r\r\n\t\t\t<div class=\"icon-wraper\" style=\"width: 15%;\"><div class=\"icon-wrap text-left\"><i class=\"fa fa-building\" style=\"font-size:32px;color:#719FC1\"><\/i><\/div><\/div><!-- Icon Wraper -->\r\r\n\t\t\t<!-- Content Wraper -->\r\r\n\t\t\t<div class=\"content-wrap\" style=\"width: 85%;\">\r\r\n\t\t\t\t<h5 class=\"heading\" style=\"color:#000000;\">SOCIETARIOS<\/h5>\r\r\n\t\t\t\t<p style=\"color:#000000;\"><div class=\"wt-list wt-list-style-\"><ul>\n<li><i class=\"fa fa-check\" style=\"color:#719FC1\"><\/i> Estatutos sociales<\/li>\n<li><i class=\"fa fa-check\" style=\"color:#719FC1\"><\/i> Escrituras de constituci\u00f3n<\/li>\n<li><i class=\"fa fa-check\" style=\"color:#719FC1\"><\/i> Certificados de constituci\u00f3n<\/li>\n<li><i class=\"fa fa-check\" style=\"color:#719FC1\"><\/i> Memorias anuales<\/li>\n<li><i class=\"fa fa-check\" style=\"color:#719FC1\"><\/i> Cuentas anuales<\/li>\n<li><i class=\"fa fa-check\" style=\"color:#719FC1\"><\/i> Pol\u00edticas contables<\/li>\n<li><i class=\"fa fa-check\" style=\"color:#719FC1\"><\/i> Informes de auditor\u00eda<\/li>\n<li><i class=\"fa fa-check\" style=\"color:#719FC1\"><\/i> Documentaci\u00f3n para procesos concursales<\/li>\n<li><i class=\"fa fa-check\" style=\"color:#719FC1\"><\/i> Documentaci\u00f3n para fusiones y adquisiciones<\/li>\n<\/ul><\/div><\/p>\r\r\n\t\t\t<\/div><!-- Content Wraper -->\r\r\n\t\t<\/div><!-- Content Box --><\/div><\/div><\/div><\/div><div id=\"pgc-458-2-2\"  class=\"panel-grid-cell\" ><div id=\"panel-458-2-2-0\" class=\"so-panel widget widget_black-studio-tinymce widget_black_studio_tinymce panel-first-child panel-last-child\" data-index=\"5\" ><div class=\"panel-widget-style panel-widget-style-for-458-2-2-0\" ><div class=\"textwidget\"><div class=\"service-box text-left\" style=\"color:#000000;\">\r\r\n\t\t\t<!-- Icon Wraper -->\r\r\n\t\t\t<div class=\"icon-wraper\" style=\"width: 15%;\"><div class=\"icon-wrap text-left\"><i class=\"fa fa-gavel\" style=\"font-size:32px;color:#719FC1\"><\/i><\/div><\/div><!-- Icon Wraper -->\r\r\n\t\t\t<!-- Content Wraper -->\r\r\n\t\t\t<div class=\"content-wrap\" style=\"width: 85%;\">\r\r\n\t\t\t\t<h5 class=\"heading\" style=\"color:#000000;\">JUR\u00cdDICOS<\/h5>\r\r\n\t\t\t\t<p style=\"color:#000000;\"><div class=\"wt-list wt-list-style-\"><ul>\n<li><i class=\"fa fa-check\" style=\"color:#719FC1\"><\/i> Contratos<\/li>\n<li><i class=\"fa fa-check\" style=\"color:#719FC1\"><\/i> Escrituras\/contratos de trust<\/li>\n<li><i class=\"fa fa-check\" style=\"color:#719FC1\"><\/i> Escrituras de propiedad<\/li>\n<li><i class=\"fa fa-check\" style=\"color:#719FC1\"><\/i> Poderes notariales<\/li>\n<li><i class=\"fa fa-check\" style=\"color:#719FC1\"><\/i> Testamentos y actas probatorias de testamentos<\/li>\n<li><i class=\"fa fa-check\" style=\"color:#719FC1\"><\/i> Sentencias de divorcio<\/li>\n<li><i class=\"fa fa-check\" style=\"color:#719FC1\"><\/i> Declaraciones juradas<\/li>\n<li><i class=\"fa fa-check\" style=\"color:#719FC1\"><\/i> Declaraciones de testigos<\/li>\n<li><i class=\"fa fa-check\" style=\"color:#719FC1\"><\/i> Dict\u00e1menes periciales<\/li>\n<\/ul><\/div><\/p>\r\r\n\t\t\t<\/div><!-- Content Wraper -->\r\r\n\t\t<\/div><!-- Content Box --><\/div><\/div><\/div><\/div><div id=\"pgc-458-2-3\"  class=\"panel-grid-cell\" ><div id=\"panel-458-2-3-0\" class=\"so-panel widget widget_black-studio-tinymce widget_black_studio_tinymce panel-first-child panel-last-child\" data-index=\"6\" ><div class=\"panel-widget-style panel-widget-style-for-458-2-3-0\" ><div class=\"textwidget\"><div class=\"service-box text-left\" style=\"color:#000000;\">\r\r\n\t\t\t<!-- Icon Wraper -->\r\r\n\t\t\t<div class=\"icon-wraper\" style=\"width: 15%;\"><div class=\"icon-wrap text-left\"><i class=\"fa fa-id-card-o\" style=\"font-size:32px;color:#719FC1\"><\/i><\/div><\/div><!-- Icon Wraper -->\r\r\n\t\t\t<!-- Content Wraper -->\r\r\n\t\t\t<div class=\"content-wrap\" style=\"width: 85%;\">\r\r\n\t\t\t\t<h5 class=\"heading\" style=\"color:#000000;\">PERSONALES\/ADMINISTRATIVOS<\/h5>\r\r\n\t\t\t\t<p style=\"color:#000000;\"><div class=\"wt-list wt-list-style-\"><ul>\n<li><i class=\"fa fa-check\" style=\"color:#719FC1\"><\/i> Partidas de nacimiento<\/li>\n<li><i class=\"fa fa-check\" style=\"color:#719FC1\"><\/i> Partidas de defunci\u00f3n<\/li>\n<li><i class=\"fa fa-check\" style=\"color:#719FC1\"><\/i> Certificados de matrimonio<\/li>\n<li><i class=\"fa fa-check\" style=\"color:#719FC1\"><\/i> Permisos de conducci\u00f3n<\/li>\n<li><i class=\"fa fa-check\" style=\"color:#719FC1\"><\/i> Certificados de naturalizaci\u00f3n<\/li>\n<li><i class=\"fa fa-check\" style=\"color:#719FC1\"><\/i> Pasaportes<\/li>\n<li><i class=\"fa fa-check\" style=\"color:#719FC1\"><\/i> Documentos de identidad<\/li>\n<li><i class=\"fa fa-check\" style=\"color:#719FC1\"><\/i> P\u00f3lizas de seguros<\/li>\n<li><i class=\"fa fa-check\" style=\"color:#719FC1\"><\/i> Certificados de antecedentes penales<\/li>\n<li><i class=\"fa fa-check\" style=\"color:#719FC1\"><\/i> Documentos de adopci\u00f3n<\/li>\n<li><i class=\"fa fa-check\" style=\"color:#719FC1\"><\/i> Certificados m\u00e9dicos<\/li>\n<\/ul><\/div><\/p>\r\r\n\t\t\t<\/div><!-- Content Wraper -->\r\r\n\t\t<\/div><!-- Content Box --><\/div><\/div><\/div><\/div><\/div><\/div><div id=\"pg-458-3\"  class=\"panel-grid panel-has-style\" ><div class=\"siteorigin-panels-stretch panel-row-style panel-row-style-for-458-3\" data-stretch-type=\"full\" ><div id=\"pgc-458-3-0\"  class=\"panel-grid-cell panel-grid-cell-empty panel-grid-cell-mobile-last\" ><\/div><div id=\"pgc-458-3-1\"  class=\"panel-grid-cell panel-grid-cell-empty\" ><\/div><\/div><\/div><\/div>","protected":false},"excerpt":{"rendered":"<p>Soy traductora jurada de ingl\u00e9s (n.\u00ba 4057) nombrada por el Ministerio de Asuntos Exteriores y Cooperaci\u00f3n en 2003. Ofrezco servicios de traducci\u00f3n jurada oficial de ingl\u00e9s a espa\u00f1ol y de espa\u00f1ol a ingl\u00e9s.<\/p>\n","protected":false},"author":1,"featured_media":0,"parent":0,"menu_order":0,"comment_status":"closed","ping_status":"closed","template":"","meta":{"_uag_custom_page_level_css":"","_lmt_disableupdate":"","_lmt_disable":"","site-sidebar-layout":"default","site-content-layout":"","ast-site-content-layout":"default","site-content-style":"default","site-sidebar-style":"default","ast-global-header-display":"","ast-banner-title-visibility":"","ast-main-header-display":"","ast-hfb-above-header-display":"","ast-hfb-below-header-display":"","ast-hfb-mobile-header-display":"","site-post-title":"","ast-breadcrumbs-content":"","ast-featured-img":"","footer-sml-layout":"","ast-disable-related-posts":"","theme-transparent-header-meta":"","adv-header-id-meta":"","stick-header-meta":"","header-above-stick-meta":"","header-main-stick-meta":"","header-below-stick-meta":"","astra-migrate-meta-layouts":"default","ast-page-background-enabled":"default","ast-page-background-meta":{"desktop":{"background-color":"var(--ast-global-color-4)","background-image":"","background-repeat":"repeat","background-position":"center center","background-size":"auto","background-attachment":"scroll","background-type":"","background-media":"","overlay-type":"","overlay-color":"","overlay-opacity":"","overlay-gradient":""},"tablet":{"background-color":"","background-image":"","background-repeat":"repeat","background-position":"center center","background-size":"auto","background-attachment":"scroll","background-type":"","background-media":"","overlay-type":"","overlay-color":"","overlay-opacity":"","overlay-gradient":""},"mobile":{"background-color":"","background-image":"","background-repeat":"repeat","background-position":"center center","background-size":"auto","background-attachment":"scroll","background-type":"","background-media":"","overlay-type":"","overlay-color":"","overlay-opacity":"","overlay-gradient":""}},"ast-content-background-meta":{"desktop":{"background-color":"var(--ast-global-color-5)","background-image":"","background-repeat":"repeat","background-position":"center center","background-size":"auto","background-attachment":"scroll","background-type":"","background-media":"","overlay-type":"","overlay-color":"","overlay-opacity":"","overlay-gradient":""},"tablet":{"background-color":"var(--ast-global-color-5)","background-image":"","background-repeat":"repeat","background-position":"center center","background-size":"auto","background-attachment":"scroll","background-type":"","background-media":"","overlay-type":"","overlay-color":"","overlay-opacity":"","overlay-gradient":""},"mobile":{"background-color":"var(--ast-global-color-5)","background-image":"","background-repeat":"repeat","background-position":"center center","background-size":"auto","background-attachment":"scroll","background-type":"","background-media":"","overlay-type":"","overlay-color":"","overlay-opacity":"","overlay-gradient":""}},"footnotes":""},"class_list":["post-458","page","type-page","status-publish","hentry"],"uagb_featured_image_src":{"full":false,"thumbnail":false,"medium":false,"medium_large":false,"large":false,"1536x1536":false,"2048x2048":false,"sow-carousel-default":false},"uagb_author_info":{"display_name":"Virginia P\u00e9rez Rom\u00e1n BA GDL MCIL CL","author_link":"https:\/\/vprspanishtranslations.com\/es\/author\/wp_abg3bp\/"},"uagb_comment_info":0,"uagb_excerpt":"Soy traductora jurada de ingl\u00e9s (n.\u00ba 4057) nombrada por el Ministerio de Asuntos Exteriores y Cooperaci\u00f3n en 2003. Ofrezco servicios de traducci\u00f3n jurada oficial de ingl\u00e9s a espa\u00f1ol y de espa\u00f1ol a ingl\u00e9s.","_links":{"self":[{"href":"https:\/\/vprspanishtranslations.com\/es\/wp-json\/wp\/v2\/pages\/458","targetHints":{"allow":["GET"]}}],"collection":[{"href":"https:\/\/vprspanishtranslations.com\/es\/wp-json\/wp\/v2\/pages"}],"about":[{"href":"https:\/\/vprspanishtranslations.com\/es\/wp-json\/wp\/v2\/types\/page"}],"author":[{"embeddable":true,"href":"https:\/\/vprspanishtranslations.com\/es\/wp-json\/wp\/v2\/users\/1"}],"replies":[{"embeddable":true,"href":"https:\/\/vprspanishtranslations.com\/es\/wp-json\/wp\/v2\/comments?post=458"}],"version-history":[{"count":19,"href":"https:\/\/vprspanishtranslations.com\/es\/wp-json\/wp\/v2\/pages\/458\/revisions"}],"predecessor-version":[{"id":6244,"href":"https:\/\/vprspanishtranslations.com\/es\/wp-json\/wp\/v2\/pages\/458\/revisions\/6244"}],"wp:attachment":[{"href":"https:\/\/vprspanishtranslations.com\/es\/wp-json\/wp\/v2\/media?parent=458"}],"curies":[{"name":"wp","href":"https:\/\/api.w.org\/{rel}","templated":true}]}}