{"id":5517,"date":"2020-11-17T15:43:12","date_gmt":"2020-11-17T15:43:12","guid":{"rendered":"https:\/\/vprspanishtranslations.com\/traducciones-juradas-ingles-copy\/"},"modified":"2023-08-03T08:59:31","modified_gmt":"2023-08-03T08:59:31","slug":"traduccion-de-documentos-societarios","status":"publish","type":"page","link":"https:\/\/vprspanishtranslations.com\/es\/traduccion-de-documentos-societarios\/","title":{"rendered":"Traducci\u00f3n de documentos societarios"},"content":{"rendered":"<div id=\"pl-5517\"  class=\"panel-layout\" ><div id=\"pg-5517-0\"  class=\"panel-grid panel-has-style\" ><div class=\"siteorigin-panels-stretch panel-row-style panel-row-style-for-5517-0\" data-stretch-type=\"full\" ><div id=\"pgc-5517-0-0\"  class=\"panel-grid-cell\" ><div id=\"panel-5517-0-0-0\" class=\"so-panel widget widget_black-studio-tinymce widget_black_studio_tinymce panel-first-child panel-last-child\" data-index=\"0\" ><div class=\"panel-widget-style panel-widget-style-for-5517-0-0-0\" ><div class=\"textwidget\"><a href=\"https:\/\/vprspanishtranslations.com\/es\/office-1516329_1920-2\/\"><img fetchpriority=\"high\" decoding=\"async\" src=\"https:\/\/vprspanishtranslations.com\/wp-content\/uploads\/2020\/11\/office-1516329_1920-300x199.jpg\" alt=\"\" width=\"300\" height=\"199\" class=\"aligncenter size-medium wp-image-5504\" srcset=\"https:\/\/vprspanishtranslations.com\/wp-content\/uploads\/2020\/11\/office-1516329_1920-300x199.jpg 300w, https:\/\/vprspanishtranslations.com\/wp-content\/uploads\/2020\/11\/office-1516329_1920-1024x678.jpg 1024w, https:\/\/vprspanishtranslations.com\/wp-content\/uploads\/2020\/11\/office-1516329_1920-768x509.jpg 768w, https:\/\/vprspanishtranslations.com\/wp-content\/uploads\/2020\/11\/office-1516329_1920-1536x1018.jpg 1536w, https:\/\/vprspanishtranslations.com\/wp-content\/uploads\/2020\/11\/office-1516329_1920.jpg 1920w\" sizes=\"(max-width: 300px) 100vw, 300px\" \/><\/a><\/div><\/div><\/div><\/div><div id=\"pgc-5517-0-1\"  class=\"panel-grid-cell\" ><div id=\"panel-5517-0-1-0\" class=\"so-panel widget widget_black-studio-tinymce widget_black_studio_tinymce panel-first-child panel-last-child\" data-index=\"1\" ><div class=\"panel-widget-style panel-widget-style-for-5517-0-1-0\" ><div class=\"textwidget\"><h3 class=\"wt-heading wt-heading-style-2 wt-heading-align-left\" style=\"margin-top:0px; margin-bottom:0px; font-size: 30px; text-transform: uppercase; color: #222; letter-spacing: 0px; \"><span class=\"wt-heading-inner\" style=\"margin-top:0px; margin-bottom:0px; font-size: 30px; text-transform: uppercase; color: #222; letter-spacing: 0px; \">TRADUCCI\u00d3N DE DOCUMENTOS SOCIETARIOS<\/span><\/h3><div class=\"wt-spacer\" style=\"height:20px\"><\/div>\n\n\u00bfVa a abrir una sucursal o una filial de una sociedad en el Reino Unido o Espa\u00f1a? \u00bfNecesita una traducci\u00f3n para una fusi\u00f3n o adquisici\u00f3n, o un procedimiento concursal transfronterizo? Yo llevo 20 a\u00f1os ayudando a sociedades espa\u00f1olas a establecerse en el Reino Unido y a sociedades brit\u00e1nicas a establecerse en Espa\u00f1a.<div class=\"wt-spacer\" style=\"height:20px\"><\/div>\n\nJunto con el certificado de constituci\u00f3n y la escritura de constituci\u00f3n, los estatutos sociales son parte integral de la formaci\u00f3n de toda sociedad de responsabilidad limitada. Rigen los asuntos internos de la sociedad y, como contrato, recogen los derechos y obligaciones de los socios. Por tanto, es fundamental traducirlos con claridad y precisi\u00f3n. Registrar una versi\u00f3n de los estatutos que contenga errores o informaci\u00f3n vaga puede generar conflictos y hacer que los potenciales inversores que deseen adquirir participaciones o acciones en la sociedad se basen en informaci\u00f3n inexacta a la hora de tomar su decisi\u00f3n. Tambi\u00e9n es fundamental que la traducci\u00f3n de documentos societarios\/mercantiles sea correcta en fusiones, adquisiciones y otras operaciones societarias, as\u00ed como procedimientos de insolvencia\/concursos de acreedores\/liquidaciones transfronterizas.<div class=\"wt-spacer\" style=\"height:20px\"><\/div>\n\nSi necesita una traducci\u00f3n jurada de sus documentos societarios para abrir una sucursal o filial de una sociedad espa\u00f1ola en el Reino Unido o viceversa, o una traducci\u00f3n de un trato preliminar, contrato de compraventa de acciones\/activos o documentos judiciales en un procedimiento de insolvencia, conf\u00ede en un traductor jur\u00eddico con experiencia. Yo he estudiado Derecho en el Reino Unido, estoy especializada en Derecho de la Empresa y soy Traductora Jurada de Ingl\u00e9s nombrada por el Ministerio de Asuntos Exteriores y de Cooperaci\u00f3n. <div class=\"wt-spacer\" style=\"height:20px\"><\/div>\n\nEnv\u00ede sus documentos y pida presupuesto <a href=\"https:\/\/vprspanishtranslations.com\/es\/contacto\/\" rel=\"noopener\" target=\"_blank\">aqu\u00ed<\/a>.\n\n\n\n\n<div class=\"wt-spacer\" style=\"height:20px\"><\/div>\n<a href=\"https:\/\/vprspanishtranslations.com\/es\/contacto\/\" data-hoverback=\"#719FC1\" data-currentbg=\"rgba(113,159,193, 1)\" data-currentbor=\"#719FC1\" data-currentcolor=\"#ffffff\" data-hovercolor=\"#fff\" class=\"wt-button wt-button-style-flat\" style=\"color:#ffffff;background:rgba(113,159,193, 1);border-color:#719FC1;border-radius:5px;-moz-border-radius:5px;-webkit-border-radius:5px\" target=\"_self\"><span style=\"padding:6px 18px;font-size:14px;line-height:24px;border-color:#719FC1;border-radius:5px;-moz-border-radius:5px;-webkit-border-radius:5px;text-shadow:none;-moz-text-shadow:none;-webkit-text-shadow:none\">Solicite presupuesto aqu\u00ed <i class=\"fa fa-angle-double-right\" style=\"font-size:14px;color:#fff\"><\/i><\/span><\/a><\/div><\/div><\/div><\/div><\/div><\/div><div id=\"pg-5517-1\"  class=\"panel-grid panel-has-style\" ><div class=\"siteorigin-panels-stretch panel-row-style panel-row-style-for-5517-1\" data-stretch-type=\"full\" ><div id=\"pgc-5517-1-0\"  class=\"panel-grid-cell\" ><div id=\"panel-5517-1-0-0\" class=\"so-panel widget widget_black-studio-tinymce widget_black_studio_tinymce panel-first-child panel-last-child\" data-index=\"2\" ><div class=\"panel-widget-style panel-widget-style-for-5517-1-0-0\" ><div class=\"textwidget\"><h4 class=\"wt-heading wt-heading-style-2 wt-heading-align-center\" style=\"margin-top:0px; margin-bottom:0px; font-size: 20px; text-transform: uppercase; color: #222; letter-spacing: 0px; \"><span class=\"wt-heading-inner\" style=\"margin-top:0px; margin-bottom:0px; font-size: 20px; text-transform: uppercase; color: #222; letter-spacing: 0px; \">EJEMPLOS DE DOCUMENTOS SOCIETARIOS TRADUCIDOS:<\/span><\/h4><\/div><\/div><\/div><\/div><\/div><\/div><div id=\"pg-5517-2\"  class=\"panel-grid panel-has-style\" ><div class=\"siteorigin-panels-stretch panel-row-style panel-row-style-for-5517-2\" data-stretch-type=\"full\" ><div id=\"pgc-5517-2-0\"  class=\"panel-grid-cell\" ><div id=\"panel-5517-2-0-0\" class=\"so-panel widget widget_black-studio-tinymce widget_black_studio_tinymce panel-first-child panel-last-child\" data-index=\"3\" ><div class=\"panel-widget-style panel-widget-style-for-5517-2-0-0\" ><div class=\"textwidget\"><strong>DOCUMENTOS FUNDACIONALES\/PARA CONSTITUCI\u00d3N DE SOCIEDADES\n<div class=\"wt-list wt-list-style-\"><ul>\n<li><i class=\"fa fa-check\" style=\"color:#719FC1\"><\/i> Certificado de constituci\u00f3n<\/li>\n<li><i class=\"fa fa-check\" style=\"color:#719FC1\"><\/i> Escritura de constituci\u00f3n<\/li>\n<li><i class=\"fa fa-check\" style=\"color:#719FC1\"><\/i> Estatutos sociales<\/li>\n<\/ul><\/div><\/div><\/div><\/div><\/div><div id=\"pgc-5517-2-1\"  class=\"panel-grid-cell\" ><div id=\"panel-5517-2-1-0\" class=\"so-panel widget widget_black-studio-tinymce widget_black_studio_tinymce panel-first-child panel-last-child\" data-index=\"4\" ><div class=\"panel-widget-style panel-widget-style-for-5517-2-1-0\" ><div class=\"textwidget\"><div class=\"wt-list wt-list-style-\"><ul>\n<li><i class=\"fa fa-check\" style=\"color:#719FC1\"><\/i> Acuerdos sociales<\/li>\n<li><i class=\"fa fa-check\" style=\"color:#719FC1\"><\/i> Actas de juntas<\/li>\n<li><i class=\"fa fa-check\" style=\"color:#719FC1\"><\/i> Pactos de socios<\/li>\n<li><i class=\"fa fa-check\" style=\"color:#719FC1\"><\/i> Transmisi\u00f3n de acciones o participaciones<\/li>\n<li><i class=\"fa fa-check\" style=\"color:#719FC1\"><\/i> Cuentas anuales<\/li>\n<li><i class=\"fa fa-check\" style=\"color:#719FC1\"><\/i> Memorias anuales<\/li>\n<li><i class=\"fa fa-check\" style=\"color:#719FC1\"><\/i> Informes de auditor\u00eda<\/li>\n<\/ul><\/div><\/div><\/div><\/div><\/div><div id=\"pgc-5517-2-2\"  class=\"panel-grid-cell\" ><div id=\"panel-5517-2-2-0\" class=\"so-panel widget widget_black-studio-tinymce widget_black_studio_tinymce panel-first-child panel-last-child\" data-index=\"5\" ><div class=\"panel-widget-style panel-widget-style-for-5517-2-2-0\" ><div class=\"textwidget\"><div class=\"wt-list wt-list-style-\"><ul>\n<li><i class=\"fa fa-check\" style=\"color:#719FC1\"><\/i> Documentaci\u00f3n para el proceso due diligence previo a una fusi\u00f3n o adquisici\u00f3n<\/li>\n<li><i class=\"fa fa-check\" style=\"color:#719FC1\"><\/i> Contratos de compraventa de activos\/acciones o participaciones sociales\n<li><i class=\"fa fa-check\" style=\"color:#719FC1\"><\/i> Documentaci\u00f3n para concursos de acreedores<\/li>\n<li><i class=\"fa fa-check\" style=\"color:#719FC1\"><\/i> Contratos con proveedores<\/li>\n<li><i class=\"fa fa-check\" style=\"color:#719FC1\"><\/i> Contratos bancarios<\/li>\n<\/ul><\/div><\/div><\/div><\/div><\/div><\/div><\/div><\/div>","protected":false},"excerpt":{"rendered":"<p>\u00bfVa a abrir una sucursal o una filial de una sociedad en el Reino Unido o Espa\u00f1a? \u00bfNecesita una traducci\u00f3n para una fusi\u00f3n o adquisici\u00f3n, o un procedimiento concursal transfronterizo? Yo llevo 20 a\u00f1os ayudando a sociedades espa\u00f1olas a establecerse en el Reino Unido y a sociedades brit\u00e1nicas a establecerse en Espa\u00f1a. Junto con el&hellip;<\/p>\n","protected":false},"author":1,"featured_media":0,"parent":0,"menu_order":0,"comment_status":"closed","ping_status":"closed","template":"","meta":{"_uag_custom_page_level_css":"","_lmt_disableupdate":"no","_lmt_disable":"","site-sidebar-layout":"default","site-content-layout":"","ast-site-content-layout":"default","site-content-style":"default","site-sidebar-style":"default","ast-global-header-display":"","ast-banner-title-visibility":"","ast-main-header-display":"","ast-hfb-above-header-display":"","ast-hfb-below-header-display":"","ast-hfb-mobile-header-display":"","site-post-title":"","ast-breadcrumbs-content":"","ast-featured-img":"","footer-sml-layout":"","ast-disable-related-posts":"","theme-transparent-header-meta":"","adv-header-id-meta":"","stick-header-meta":"","header-above-stick-meta":"","header-main-stick-meta":"","header-below-stick-meta":"","astra-migrate-meta-layouts":"default","ast-page-background-enabled":"default","ast-page-background-meta":{"desktop":{"background-color":"var(--ast-global-color-4)","background-image":"","background-repeat":"repeat","background-position":"center center","background-size":"auto","background-attachment":"scroll","background-type":"","background-media":"","overlay-type":"","overlay-color":"","overlay-opacity":"","overlay-gradient":""},"tablet":{"background-color":"","background-image":"","background-repeat":"repeat","background-position":"center center","background-size":"auto","background-attachment":"scroll","background-type":"","background-media":"","overlay-type":"","overlay-color":"","overlay-opacity":"","overlay-gradient":""},"mobile":{"background-color":"","background-image":"","background-repeat":"repeat","background-position":"center center","background-size":"auto","background-attachment":"scroll","background-type":"","background-media":"","overlay-type":"","overlay-color":"","overlay-opacity":"","overlay-gradient":""}},"ast-content-background-meta":{"desktop":{"background-color":"var(--ast-global-color-5)","background-image":"","background-repeat":"repeat","background-position":"center center","background-size":"auto","background-attachment":"scroll","background-type":"","background-media":"","overlay-type":"","overlay-color":"","overlay-opacity":"","overlay-gradient":""},"tablet":{"background-color":"var(--ast-global-color-5)","background-image":"","background-repeat":"repeat","background-position":"center center","background-size":"auto","background-attachment":"scroll","background-type":"","background-media":"","overlay-type":"","overlay-color":"","overlay-opacity":"","overlay-gradient":""},"mobile":{"background-color":"var(--ast-global-color-5)","background-image":"","background-repeat":"repeat","background-position":"center center","background-size":"auto","background-attachment":"scroll","background-type":"","background-media":"","overlay-type":"","overlay-color":"","overlay-opacity":"","overlay-gradient":""}},"footnotes":""},"class_list":["post-5517","page","type-page","status-publish","hentry"],"uagb_featured_image_src":{"full":false,"thumbnail":false,"medium":false,"medium_large":false,"large":false,"1536x1536":false,"2048x2048":false,"sow-carousel-default":false},"uagb_author_info":{"display_name":"Virginia P\u00e9rez Rom\u00e1n BA GDL MCIL CL","author_link":"https:\/\/vprspanishtranslations.com\/es\/author\/wp_abg3bp\/"},"uagb_comment_info":0,"uagb_excerpt":"\u00bfVa a abrir una sucursal o una filial de una sociedad en el Reino Unido o Espa\u00f1a? \u00bfNecesita una traducci\u00f3n para una fusi\u00f3n o adquisici\u00f3n, o un procedimiento concursal transfronterizo? Yo llevo 20 a\u00f1os ayudando a sociedades espa\u00f1olas a establecerse en el Reino Unido y a sociedades brit\u00e1nicas a establecerse en Espa\u00f1a. Junto con el&hellip;","_links":{"self":[{"href":"https:\/\/vprspanishtranslations.com\/es\/wp-json\/wp\/v2\/pages\/5517","targetHints":{"allow":["GET"]}}],"collection":[{"href":"https:\/\/vprspanishtranslations.com\/es\/wp-json\/wp\/v2\/pages"}],"about":[{"href":"https:\/\/vprspanishtranslations.com\/es\/wp-json\/wp\/v2\/types\/page"}],"author":[{"embeddable":true,"href":"https:\/\/vprspanishtranslations.com\/es\/wp-json\/wp\/v2\/users\/1"}],"replies":[{"embeddable":true,"href":"https:\/\/vprspanishtranslations.com\/es\/wp-json\/wp\/v2\/comments?post=5517"}],"version-history":[{"count":21,"href":"https:\/\/vprspanishtranslations.com\/es\/wp-json\/wp\/v2\/pages\/5517\/revisions"}],"predecessor-version":[{"id":10587,"href":"https:\/\/vprspanishtranslations.com\/es\/wp-json\/wp\/v2\/pages\/5517\/revisions\/10587"}],"wp:attachment":[{"href":"https:\/\/vprspanishtranslations.com\/es\/wp-json\/wp\/v2\/media?parent=5517"}],"curies":[{"name":"wp","href":"https:\/\/api.w.org\/{rel}","templated":true}]}}