{"id":9156,"date":"2022-11-13T14:59:34","date_gmt":"2022-11-13T14:59:34","guid":{"rendered":"https:\/\/vprspanishtranslations.com\/?page_id=9156"},"modified":"2024-02-02T08:51:07","modified_gmt":"2024-02-02T08:51:07","slug":"traductor-jurado-de-ingles-contacto","status":"publish","type":"page","link":"https:\/\/vprspanishtranslations.com\/es\/traductor-jurado-de-ingles-contacto\/","title":{"rendered":"Contacto"},"content":{"rendered":"\n<p>&nbsp;<\/p>\n\n\n\n<figure class=\"wp-block-image size-large\"><img fetchpriority=\"high\" decoding=\"async\" width=\"1024\" height=\"420\" src=\"https:\/\/vprspanishtranslations.com\/wp-content\/uploads\/2022\/11\/contact-me-1024x420.jpg\" alt=\"Contacto - Traductor jurado de ingl\u00e9s\" class=\"wp-image-9128\" srcset=\"https:\/\/vprspanishtranslations.com\/wp-content\/uploads\/2022\/11\/contact-me-1024x420.jpg 1024w, https:\/\/vprspanishtranslations.com\/wp-content\/uploads\/2022\/11\/contact-me-300x123.jpg 300w, https:\/\/vprspanishtranslations.com\/wp-content\/uploads\/2022\/11\/contact-me-768x315.jpg 768w, https:\/\/vprspanishtranslations.com\/wp-content\/uploads\/2022\/11\/contact-me-1536x629.jpg 1536w, https:\/\/vprspanishtranslations.com\/wp-content\/uploads\/2022\/11\/contact-me.jpg 2001w\" sizes=\"(max-width: 1024px) 100vw, 1024px\" \/><\/figure>\n\n\n\n<h2 class=\"wp-block-heading\">CONTACTO <\/h2>\n\n\n\n<p>P\u00f3ngase en contacto conmigo si necesita un traductor jurado de ingl\u00e9s nombrado por el <a href=\"https:\/\/www.exteriores.gob.es\/es\/ServiciosAlCiudadano\/Paginas\/Traductores-Interpretes-Jurados.aspx\" target=\"_blank\" rel=\"noopener\">Ministerio de Asuntos Exteriores<\/a>.<\/p>\n\n\n\n<p>Hay muchas situaciones en las que podr\u00eda necesitar a un traductor jurado de ingl\u00e9s. \u00bfSe va a casar en el Reino Unido o a solicitar plaza en una universidad del Reino Unido? \u00bfSe est\u00e1 planteando comprar una propiedad en el Reino Unido u otro pa\u00eds de habla inglesa? \u00bfSe le ha nombrado albacea o administrador de una herencia que incluye bienes en el Reino Unido u otro pa\u00eds de habla inglesa? \u00bfDesea constituir una sociedad mercantil en el Reino Unido u otro pa\u00eds de habla inglesa? En estos casos, es bastante probable que necesite traducir documentos oficiales para presentarlos ante las autoridades del pa\u00eds en cuesti\u00f3n.&nbsp;<\/p>\n\n\n\n<p>Yo ofrezco servicios de traducci\u00f3n jurada\/oficial a precios competitivos.<\/p>\n\n\n\n<p>Puede contactarme por correo electr\u00f3nico (<strong>info@vprspanishtranslations.com<\/strong>) para pedir un presupuesto o consultar cualquier duda (consulte tambi\u00e9n las <a href=\"https:\/\/vprspanishtranslations.com\/es\/preguntas-frecuentes-sobre-la-traduccion-jurada\/\">preguntas frecuentes<\/a>).<\/p>\n\n\n\n<p>Tambi\u00e9n puede contactar conmigo cumplimentando el siguiente formulario. Nota: si no puede enviarme una copia escaneada de sus documentos para traducirlos, incluya tanta informaci\u00f3n como sea posible en su consulta (recuento de palabras, tipo de documento, n\u00famero de p\u00e1ginas, etc.). As\u00ed podr\u00e9 darle un precio y un plazo definitivos.&nbsp;<\/p>\n\n\n\n<p>Nota: me tomo muy en serio su privacidad. Lea atentamente mi <b>Aviso de privacidad<\/b> <a href=\"https:\/\/vprspanishtranslations.com\/es\/privacy-policy\/\">aqu\u00ed <\/a>y p\u00f3ngase en contacto conmigo si tiene alguna pregunta o duda.&nbsp;<\/p>\n\n\n<div class=\"wpforms-container wpforms-container-full\" id=\"wpforms-9136\"><form id=\"wpforms-form-9136\" class=\"wpforms-validate wpforms-form\" data-formid=\"9136\" method=\"post\" enctype=\"multipart\/form-data\" action=\"\/es\/wp-json\/wp\/v2\/pages\/9156\" data-token=\"01793dfe1093dfc84e2b7796ec43fa74\" data-token-time=\"1775692984\"><noscript class=\"wpforms-error-noscript\">Por favor, activa JavaScript en tu navegador para completar este formulario.<\/noscript><div class=\"wpforms-field-container\"><div id=\"wpforms-9136-field_0-container\" class=\"wpforms-field wpforms-field-name\" data-field-id=\"0\"><label class=\"wpforms-field-label\" for=\"wpforms-9136-field_0\">Nombre <span class=\"wpforms-required-label\">*<\/span><\/label><input type=\"text\" id=\"wpforms-9136-field_0\" class=\"wpforms-field-medium wpforms-field-required\" name=\"wpforms[fields][0]\" required><\/div><div id=\"wpforms-9136-field_11-container\" class=\"wpforms-field wpforms-field-name\" data-field-id=\"11\"><label class=\"wpforms-field-label\" for=\"wpforms-9136-field_11\">Apellido <span class=\"wpforms-required-label\">*<\/span><\/label><input type=\"text\" id=\"wpforms-9136-field_11\" class=\"wpforms-field-medium wpforms-field-required\" name=\"wpforms[fields][11]\" required><\/div><div id=\"wpforms-9136-field_1-container\" class=\"wpforms-field wpforms-field-email\" data-field-id=\"1\"><label class=\"wpforms-field-label\" for=\"wpforms-9136-field_1\">Correo electr\u00f3nico <span class=\"wpforms-required-label\">*<\/span><\/label><input type=\"email\" id=\"wpforms-9136-field_1\" class=\"wpforms-field-medium wpforms-field-required\" name=\"wpforms[fields][1]\" spellcheck=\"false\" required><\/div><div id=\"wpforms-9136-field_15-container\" class=\"wpforms-field wpforms-field-text\" data-field-id=\"15\"><label class=\"wpforms-field-label\" for=\"wpforms-9136-field_15\">Localidad\/ciudad de env\u00edo de la traducci\u00f3n jurada.  IMPORTANTE: Tambi\u00e9n se entregan traducciones juradas en formato digital con firma electr\u00f3nica, igualmente v\u00e1lidas (ahorre tiempo y gastos de env\u00edo). <span class=\"wpforms-required-label\">*<\/span><\/label><input type=\"text\" id=\"wpforms-9136-field_15\" class=\"wpforms-field-medium wpforms-field-required\" name=\"wpforms[fields][15]\" required><\/div><div id=\"wpforms-9136-field_10-container\" class=\"wpforms-field wpforms-field-radio\" data-field-id=\"10\"><label class=\"wpforms-field-label\">\u00bfNecesita una copia f\u00edsica de la traducci\u00f3n jurada? IMPORTANTE: Tambi\u00e9n se entregan traducciones juradas en formato digital con firma electr\u00f3nica, igualmente v\u00e1lidas (ahorre tiempo y gastos de env\u00edo).<\/label><ul id=\"wpforms-9136-field_10\"><li class=\"choice-1 depth-1\"><input type=\"radio\" id=\"wpforms-9136-field_10_1\" name=\"wpforms[fields][10]\" value=\"S\u00ed\"  ><label class=\"wpforms-field-label-inline\" for=\"wpforms-9136-field_10_1\">S\u00ed<\/label><\/li><li class=\"choice-2 depth-1\"><input type=\"radio\" id=\"wpforms-9136-field_10_2\" name=\"wpforms[fields][10]\" value=\"No\"  ><label class=\"wpforms-field-label-inline\" for=\"wpforms-9136-field_10_2\">No<\/label><\/li><\/ul><\/div><div id=\"wpforms-9136-field_2-container\" class=\"wpforms-field wpforms-field-textarea\" data-field-id=\"2\"><label class=\"wpforms-field-label\" for=\"wpforms-9136-field_2\">Mensaje <span class=\"wpforms-required-label\">*<\/span><\/label><textarea id=\"wpforms-9136-field_2\" class=\"wpforms-field-medium wpforms-field-required\" name=\"wpforms[fields][2]\" required><\/textarea><\/div><\/div><!-- .wpforms-field-container --><div class=\"wpforms-field wpforms-field-hp\"><label for=\"wpforms-9136-field-hp\" class=\"wpforms-field-label\">Phone<\/label><input type=\"text\" name=\"wpforms[hp]\" id=\"wpforms-9136-field-hp\" class=\"wpforms-field-medium\"><\/div><div class=\"wpforms-recaptcha-container wpforms-is-recaptcha wpforms-is-recaptcha-type-v2\" ><div class=\"g-recaptcha\" data-sitekey=\"6LdwEgMjAAAAACT4VmBP8BLZoKGu_1pceIn76LWZ\"><\/div><input type=\"text\" name=\"g-recaptcha-hidden\" class=\"wpforms-recaptcha-hidden\" style=\"position:absolute!important;clip:rect(0,0,0,0)!important;height:1px!important;width:1px!important;border:0!important;overflow:hidden!important;padding:0!important;margin:0!important;\" data-rule-recaptcha=\"1\"><\/div><div class=\"wpforms-submit-container\" ><input type=\"hidden\" name=\"wpforms[id]\" value=\"9136\"><input type=\"hidden\" name=\"page_title\" value=\"\"><input type=\"hidden\" name=\"page_url\" value=\"https:\/\/vprspanishtranslations.com\/es\/wp-json\/wp\/v2\/pages\/9156\"><input type=\"hidden\" name=\"url_referer\" value=\"\"><button type=\"submit\" name=\"wpforms[submit]\" id=\"wpforms-submit-9136\" class=\"wpforms-submit\" data-alt-text=\"Enviando...\" data-submit-text=\"Enviar\" aria-live=\"assertive\" value=\"wpforms-submit\">Enviar<\/button><\/div><\/form><\/div>  <!-- .wpforms-container -->\n","protected":false},"excerpt":{"rendered":"<p>&nbsp; CONTACTO P\u00f3ngase en contacto conmigo si necesita un traductor jurado de ingl\u00e9s nombrado por el Ministerio de Asuntos Exteriores. Hay muchas situaciones en las que podr\u00eda necesitar a un traductor jurado de ingl\u00e9s. \u00bfSe va a casar en el Reino Unido o a solicitar plaza en una universidad del Reino Unido? \u00bfSe est\u00e1 planteando&hellip;<\/p>\n","protected":false},"author":1,"featured_media":0,"parent":0,"menu_order":0,"comment_status":"closed","ping_status":"closed","template":"","meta":{"_uag_custom_page_level_css":"","_lmt_disableupdate":"","_lmt_disable":"","site-sidebar-layout":"default","site-content-layout":"","ast-site-content-layout":"default","site-content-style":"default","site-sidebar-style":"default","ast-global-header-display":"","ast-banner-title-visibility":"","ast-main-header-display":"","ast-hfb-above-header-display":"","ast-hfb-below-header-display":"","ast-hfb-mobile-header-display":"","site-post-title":"","ast-breadcrumbs-content":"","ast-featured-img":"","footer-sml-layout":"","ast-disable-related-posts":"","theme-transparent-header-meta":"","adv-header-id-meta":"","stick-header-meta":"","header-above-stick-meta":"","header-main-stick-meta":"","header-below-stick-meta":"","astra-migrate-meta-layouts":"default","ast-page-background-enabled":"default","ast-page-background-meta":{"desktop":{"background-color":"var(--ast-global-color-4)","background-image":"","background-repeat":"repeat","background-position":"center center","background-size":"auto","background-attachment":"scroll","background-type":"","background-media":"","overlay-type":"","overlay-color":"","overlay-opacity":"","overlay-gradient":""},"tablet":{"background-color":"","background-image":"","background-repeat":"repeat","background-position":"center center","background-size":"auto","background-attachment":"scroll","background-type":"","background-media":"","overlay-type":"","overlay-color":"","overlay-opacity":"","overlay-gradient":""},"mobile":{"background-color":"","background-image":"","background-repeat":"repeat","background-position":"center center","background-size":"auto","background-attachment":"scroll","background-type":"","background-media":"","overlay-type":"","overlay-color":"","overlay-opacity":"","overlay-gradient":""}},"ast-content-background-meta":{"desktop":{"background-color":"var(--ast-global-color-5)","background-image":"","background-repeat":"repeat","background-position":"center center","background-size":"auto","background-attachment":"scroll","background-type":"","background-media":"","overlay-type":"","overlay-color":"","overlay-opacity":"","overlay-gradient":""},"tablet":{"background-color":"var(--ast-global-color-5)","background-image":"","background-repeat":"repeat","background-position":"center center","background-size":"auto","background-attachment":"scroll","background-type":"","background-media":"","overlay-type":"","overlay-color":"","overlay-opacity":"","overlay-gradient":""},"mobile":{"background-color":"var(--ast-global-color-5)","background-image":"","background-repeat":"repeat","background-position":"center center","background-size":"auto","background-attachment":"scroll","background-type":"","background-media":"","overlay-type":"","overlay-color":"","overlay-opacity":"","overlay-gradient":""}},"footnotes":""},"class_list":["post-9156","page","type-page","status-publish","hentry"],"uagb_featured_image_src":{"full":false,"thumbnail":false,"medium":false,"medium_large":false,"large":false,"1536x1536":false,"2048x2048":false,"sow-carousel-default":false},"uagb_author_info":{"display_name":"Virginia P\u00e9rez Rom\u00e1n BA GDL MCIL CL","author_link":"https:\/\/vprspanishtranslations.com\/es\/author\/wp_abg3bp\/"},"uagb_comment_info":0,"uagb_excerpt":"&nbsp; CONTACTO P\u00f3ngase en contacto conmigo si necesita un traductor jurado de ingl\u00e9s nombrado por el Ministerio de Asuntos Exteriores. Hay muchas situaciones en las que podr\u00eda necesitar a un traductor jurado de ingl\u00e9s. \u00bfSe va a casar en el Reino Unido o a solicitar plaza en una universidad del Reino Unido? \u00bfSe est\u00e1 planteando&hellip;","_links":{"self":[{"href":"https:\/\/vprspanishtranslations.com\/es\/wp-json\/wp\/v2\/pages\/9156","targetHints":{"allow":["GET"]}}],"collection":[{"href":"https:\/\/vprspanishtranslations.com\/es\/wp-json\/wp\/v2\/pages"}],"about":[{"href":"https:\/\/vprspanishtranslations.com\/es\/wp-json\/wp\/v2\/types\/page"}],"author":[{"embeddable":true,"href":"https:\/\/vprspanishtranslations.com\/es\/wp-json\/wp\/v2\/users\/1"}],"replies":[{"embeddable":true,"href":"https:\/\/vprspanishtranslations.com\/es\/wp-json\/wp\/v2\/comments?post=9156"}],"version-history":[{"count":22,"href":"https:\/\/vprspanishtranslations.com\/es\/wp-json\/wp\/v2\/pages\/9156\/revisions"}],"predecessor-version":[{"id":10907,"href":"https:\/\/vprspanishtranslations.com\/es\/wp-json\/wp\/v2\/pages\/9156\/revisions\/10907"}],"wp:attachment":[{"href":"https:\/\/vprspanishtranslations.com\/es\/wp-json\/wp\/v2\/media?parent=9156"}],"curies":[{"name":"wp","href":"https:\/\/api.w.org\/{rel}","templated":true}]}}